{"id":35,"date":"2025-08-09T12:38:16","date_gmt":"2025-08-09T10:38:16","guid":{"rendered":"https:\/\/anna-athletic.com\/?page_id=35"},"modified":"2025-10-02T08:50:54","modified_gmt":"2025-10-02T06:50:54","slug":"about-me","status":"publish","type":"page","link":"https:\/\/anna-athletic.com\/de\/about-me\/","title":{"rendered":"About Me"},"content":{"rendered":"<p>[et_pb_section fb_built=&#8221;1&#8243; admin_label=&#8221;Header&#8221; _builder_version=&#8221;4.27.4&#8243; _module_preset=&#8221;default&#8221; background_color=&#8221;#000000&#8243; min_height=&#8221;282.2px&#8221; custom_margin=&#8221;||-78px|||&#8221; collapsed=&#8221;on&#8221; global_colors_info=&#8221;{}&#8221;][et_pb_row column_structure=&#8221;1_2,1_2&#8243; _builder_version=&#8221;4.23.2&#8243; _module_preset=&#8221;default&#8221; min_height=&#8221;108.2px&#8221; custom_margin=&#8221;|auto|-97px|auto||&#8221; global_colors_info=&#8221;{}&#8221;][et_pb_column type=&#8221;1_2&#8243; _builder_version=&#8221;4.22.1&#8243; _module_preset=&#8221;default&#8221; global_colors_info=&#8221;{}&#8221;][et_pb_text _builder_version=&#8221;4.27.4&#8243; _module_preset=&#8221;a304631d-20e6-42be-9424-0b3086cc6fb9&#8243; text_font_size=&#8221;1px&#8221; text_letter_spacing=&#8221;3px&#8221; text_line_height=&#8221;1em&#8221; header_font_size=&#8221;4vw&#8221; custom_margin=&#8221;||10px||false|false&#8221; hover_enabled=&#8221;0&#8243; global_colors_info=&#8221;{}&#8221; sticky_enabled=&#8221;0&#8243;]<\/p>\n<h1><span style=\"color: rgba(178, 192, 255, 0.93);\">VOM HOBBY ZUM BERUF<\/span><\/h1>\n<p>[\/et_pb_text][et_pb_text _builder_version=&#8221;4.27.4&#8243; _module_preset=&#8221;df9a1639-da5e-432a-91cd-9db5ff11c2cc&#8221; global_colors_info=&#8221;{}&#8221;]<\/p>\n<p><span style=\"color: #ffffff;\">Ich bin Anna, zertifizierte professionelle Gesundheits-, Fitness- und Personaltrainerin mit einer Leidenschaft f\u00fcr Krafttraining, sportartspezifisches Leistungstraining und Calisthenics. Ich hatte nicht immer das Wissen, das ich heute habe. Ich habe als Anf\u00e4ngerin begonnen und auf meinem Weg Schritt f\u00fcr Schritt gelernt.<\/span><\/p>\n<p>[\/et_pb_text][\/et_pb_column][et_pb_column type=&#8221;1_2&#8243; _builder_version=&#8221;4.22.1&#8243; _module_preset=&#8221;default&#8221; global_colors_info=&#8221;{}&#8221;][et_pb_image src=&#8221;https:\/\/anna-athletic.com\/wp-content\/uploads\/2025\/08\/Foto-05.07.25-21-44-09-scaled.jpg&#8221; title_text=&#8221;Foto 05.07.25, 21 44 09&#8243; _builder_version=&#8221;4.27.4&#8243; _module_preset=&#8221;default&#8221; max_width=&#8221;62%&#8221; global_colors_info=&#8221;{}&#8221;][\/et_pb_image][\/et_pb_column][\/et_pb_row][\/et_pb_section][et_pb_section fb_built=&#8221;1&#8243; admin_label=&#8221;Video&#8221; _builder_version=&#8221;4.27.4&#8243; _module_preset=&#8221;default&#8221; background_color=&#8221;#000000&#8243; collapsed=&#8221;on&#8221; global_colors_info=&#8221;{}&#8221;][et_pb_row _builder_version=&#8221;4.27.4&#8243; _module_preset=&#8221;default&#8221; width=&#8221;85%&#8221; max_width=&#8221;727px&#8221; module_alignment=&#8221;center&#8221; global_colors_info=&#8221;{}&#8221;][et_pb_column type=&#8221;4_4&#8243; _builder_version=&#8221;4.22.1&#8243; _module_preset=&#8221;default&#8221; global_colors_info=&#8221;{}&#8221;][et_pb_text _builder_version=&#8221;4.27.4&#8243; _module_preset=&#8221;df9a1639-da5e-432a-91cd-9db5ff11c2cc&#8221; max_width=&#8221;100%&#8221; min_height=&#8221;100px&#8221; max_height=&#8221;1000px&#8221; locked=&#8221;off&#8221; global_colors_info=&#8221;{}&#8221;]<\/p>\n<p><span style=\"color: #ffffff;\"><\/span><\/p>\n<p><span style=\"color: #ffffff;\"><\/span><\/p>\n<p><span style=\"color: #ffffff;\">Meine Reise begann 2018, als ich meine Liebe zum Gewichtheben entdeckte, einige Jahre sp\u00e4ter fand ich dieselbe Begeisterung f\u00fcr Calisthenics und sportartspezifsche Leistungssteigerung. \u00dcber die Jahre durfte ich mit erfahrenen Trainern zusammen arbeiten und mein Wissen stetig erweitern.<\/span><\/p>\n<p><span style=\"color: #ffffff;\">2024 entschloss ich mich dazu, meine Expertise durch eine Weiterbildung an der Flexyfit Sports Academy zu vertiefen. Ein Jahr sp\u00e4ter schloss ich meine Ausbildung erfolgreich ab und bin nun stolze Besitzerin mehrerer Diplome und Lizenzen im Bereich Fitness- und Personal Training. Heute kombiniere ich wissenschaftliche Kenntnisse in Anatomie, Trainingstheorie und Biomechanik mit praktischer Coaching-Erfahrung, um Klienten jeden Alters und Leistungsniveaus beim Erreichen ihrer Ziele zu unterst\u00fctzen.<\/span><\/p>\n<p>[\/et_pb_text][et_pb_accordion open_toggle_text_color=&#8221;rgba(142,146,204,0.81)&#8221; open_toggle_background_color=&#8221;rgba(142,146,204,0.81)&#8221; closed_toggle_text_color=&#8221;rgba(142,146,204,0.81)&#8221; closed_toggle_background_color=&#8221;rgba(142,146,204,0.81)&#8221; toggle_icon=&#8221;&#x37;||divi||400&#8243; icon_color=&#8221;rgba(142,146,204,0.81)&#8221; _builder_version=&#8221;4.27.4&#8243; _module_preset=&#8221;default&#8221; toggle_text_color=&#8221;rgba(142,146,204,0.81)&#8221; toggle_font=&#8221;Oswald|600|||||||&#8221; toggle_font_size=&#8221;22px&#8221; closed_toggle_font=&#8221;Oswald|600|||||||&#8221; closed_toggle_font_size=&#8221;22px&#8221; body_font=&#8221;||||||||&#8221; body_text_color=&#8221;#FFFFFF&#8221; background_color=&#8221;rgba(142,146,204,0.81)&#8221; hover_enabled=&#8221;0&#8243; border_width_all=&#8221;2px&#8221; border_color_all=&#8221;RGBA(255,255,255,0)&#8221; border_style_all=&#8221;solid&#8221; global_colors_info=&#8221;{}&#8221; sticky_enabled=&#8221;0&#8243; toggle_letter_spacing=&#8221;4px&#8221; closed_toggle_letter_spacing=&#8221;4px&#8221;][et_pb_accordion_item title=&#8221;MY QUALIFICATIONS&#8221; toggle_icon=&#8221;&#x37;||divi||400&#8243; _builder_version=&#8221;4.27.4&#8243; _module_preset=&#8221;default&#8221; background_color=&#8221;#000000&#8243; background_enable_color=&#8221;on&#8221; global_colors_info=&#8221;{}&#8221; open=&#8221;on&#8221;]<\/p>\n<p>Fitnesstrainer B-Lizenz<\/p>\n<p>Dipl. Fitnesstrainer<\/p>\n<p>Dipl. Health Fitness Personal Trainer<\/p>\n<p>Dipl. Professional Health Fitness Personal Trainer<\/p>\n<p>&nbsp;<\/p>\n<p>[\/et_pb_accordion_item][\/et_pb_accordion][\/et_pb_column][\/et_pb_row][\/et_pb_section][et_pb_section fb_built=&#8221;1&#8243; admin_label=&#8221;Footer&#8221; _builder_version=&#8221;4.27.4&#8243; _module_preset=&#8221;default&#8221; background_color=&#8221;#000000&#8243; custom_margin=&#8221;-75px|||||&#8221; custom_padding=&#8221;||0px|||&#8221; saved_tabs=&#8221;all&#8221; collapsed=&#8221;on&#8221; global_colors_info=&#8221;{}&#8221;][et_pb_row column_structure=&#8221;1_4,1_4,1_4,1_4&#8243; _builder_version=&#8221;4.23.2&#8243; _module_preset=&#8221;default&#8221; global_colors_info=&#8221;{}&#8221;][et_pb_column type=&#8221;1_4&#8243; _builder_version=&#8221;4.22.1&#8243; _module_preset=&#8221;default&#8221; global_colors_info=&#8221;{}&#8221;][et_pb_text _builder_version=&#8221;4.27.4&#8243; _module_preset=&#8221;595a3bb1-8bef-4efe-ae79-6ae5f38a2201&#8243; custom_margin=&#8221;||10px||false|false&#8221; global_colors_info=&#8221;{}&#8221;]<\/p>\n<h6><span style=\"color: rgba(178, 192, 255, 0.93);\">ANNA ATHLETIC<\/span><\/h6>\n<p>[\/et_pb_text][et_pb_text _builder_version=&#8221;4.27.4&#8243; _module_preset=&#8221;df9a1639-da5e-432a-91cd-9db5ff11c2cc&#8221; link_text_color=&#8221;gcid-995ea536-d942-449e-b40e-0d7d5e4aa608&#8243; custom_margin=&#8221;||10px||false|false&#8221; link_option_url=&#8221;https:\/\/anna-athletic.com&#8221; global_colors_info=&#8221;{%22gcid-995ea536-d942-449e-b40e-0d7d5e4aa608%22:%91%22link_text_color%22%93}&#8221;]<\/p>\n<p>Home<\/p>\n<p>[\/et_pb_text][et_pb_text _builder_version=&#8221;4.27.4&#8243; _module_preset=&#8221;df9a1639-da5e-432a-91cd-9db5ff11c2cc&#8221; link_text_color=&#8221;gcid-995ea536-d942-449e-b40e-0d7d5e4aa608&#8243; custom_margin=&#8221;||10px||false|false&#8221; link_option_url=&#8221;https:\/\/anna-athletic.com\/about-me&#8221; global_colors_info=&#8221;{%22gcid-995ea536-d942-449e-b40e-0d7d5e4aa608%22:%91%22link_text_color%22%93}&#8221;]<\/p>\n<p>\u00dcber mich<\/p>\n<p>[\/et_pb_text][et_pb_text _builder_version=&#8221;4.27.4&#8243; _module_preset=&#8221;df9a1639-da5e-432a-91cd-9db5ff11c2cc&#8221; link_text_color=&#8221;gcid-995ea536-d942-449e-b40e-0d7d5e4aa608&#8243; custom_margin=&#8221;||10px||false|false&#8221; link_option_url=&#8221;https:\/\/anna-athletic.com\/pricing&#8221; global_colors_info=&#8221;{%22gcid-995ea536-d942-449e-b40e-0d7d5e4aa608%22:%91%22link_text_color%22%93}&#8221;]<\/p>\n<p>Programme und Preise<\/p>\n<p>[\/et_pb_text][et_pb_text _builder_version=&#8221;4.27.4&#8243; _module_preset=&#8221;df9a1639-da5e-432a-91cd-9db5ff11c2cc&#8221; link_text_color=&#8221;gcid-995ea536-d942-449e-b40e-0d7d5e4aa608&#8243; custom_margin=&#8221;||10px||false|false&#8221; link_option_url=&#8221;https:\/\/anna-athletic.com\/contact&#8221; global_colors_info=&#8221;{%22gcid-995ea536-d942-449e-b40e-0d7d5e4aa608%22:%91%22link_text_color%22%93}&#8221;]<\/p>\n<p>Kontakt<\/p>\n<p>[\/et_pb_text][et_pb_text _builder_version=&#8221;4.27.4&#8243; _module_preset=&#8221;df9a1639-da5e-432a-91cd-9db5ff11c2cc&#8221; link_text_color=&#8221;gcid-995ea536-d942-449e-b40e-0d7d5e4aa608&#8243; custom_margin=&#8221;||10px||false|false&#8221; link_option_url=&#8221;https:\/\/anna-athletic.com\/privacy-policy\/&#8221; global_colors_info=&#8221;{%22gcid-995ea536-d942-449e-b40e-0d7d5e4aa608%22:%91%22link_text_color%22%93}&#8221;]<\/p>\n<p>Datenschutzerkl\u00e4rung<\/p>\n<p>[\/et_pb_text][et_pb_text _builder_version=&#8221;4.27.4&#8243; _module_preset=&#8221;df9a1639-da5e-432a-91cd-9db5ff11c2cc&#8221; link_text_color=&#8221;gcid-995ea536-d942-449e-b40e-0d7d5e4aa608&#8243; custom_margin=&#8221;||10px||false|false&#8221; link_option_url=&#8221;https:\/\/anna-athletic.com\/imprint&#8221; global_colors_info=&#8221;{%22gcid-995ea536-d942-449e-b40e-0d7d5e4aa608%22:%91%22link_text_color%22%93}&#8221;]<\/p>\n<p>Impressum<\/p>\n<p>[\/et_pb_text][et_pb_social_media_follow icon_color=&#8221;gcid-fb7185f0-febc-426c-87a9-b6e9798849ab&#8221; _builder_version=&#8221;4.27.4&#8243; _module_preset=&#8221;default&#8221; global_colors_info=&#8221;{%22gcid-fb7185f0-febc-426c-87a9-b6e9798849ab%22:%91%22icon_color%22%93}&#8221;][et_pb_social_media_follow_network social_network=&#8221;instagram&#8221; url=&#8221;https:\/\/www.instagram.com\/anna_athletic&#8221; _builder_version=&#8221;4.27.4&#8243; _module_preset=&#8221;default&#8221; global_colors_info=&#8221;{}&#8221; follow_button=&#8221;off&#8221; url_new_window=&#8221;on&#8221;]instagram[\/et_pb_social_media_follow_network][\/et_pb_social_media_follow][\/et_pb_column][et_pb_column type=&#8221;1_4&#8243; _builder_version=&#8221;4.22.1&#8243; _module_preset=&#8221;default&#8221; global_colors_info=&#8221;{}&#8221;][\/et_pb_column][et_pb_column type=&#8221;1_4&#8243; _builder_version=&#8221;4.22.1&#8243; _module_preset=&#8221;default&#8221; global_colors_info=&#8221;{}&#8221;][\/et_pb_column][et_pb_column type=&#8221;1_4&#8243; _builder_version=&#8221;4.22.1&#8243; _module_preset=&#8221;default&#8221; global_colors_info=&#8221;{}&#8221;][\/et_pb_column][\/et_pb_row][et_pb_row _builder_version=&#8221;4.22.1&#8243; _module_preset=&#8221;default&#8221; border_color_all=&#8221;rgba(0,0,0,0.08)&#8221; border_width_top=&#8221;1px&#8221; global_colors_info=&#8221;{}&#8221;][et_pb_column type=&#8221;4_4&#8243; _builder_version=&#8221;4.22.1&#8243; _module_preset=&#8221;default&#8221; global_colors_info=&#8221;{}&#8221;][et_pb_text _builder_version=&#8221;4.22.1&#8243; _dynamic_attributes=&#8221;content&#8221; _module_preset=&#8221;df9a1639-da5e-432a-91cd-9db5ff11c2cc&#8221; text_orientation=&#8221;center&#8221; global_colors_info=&#8221;{}&#8221;]@ET-DC@eyJkeW5hbWljIjp0cnVlLCJjb250ZW50IjoiY3VycmVudF9kYXRlIiwic2V0dGluZ3MiOnsiYmVmb3JlIjoiQ29weXJpZ2h0ICZjb3B5OyAiLCJhZnRlciI6IiBEaXZpLiBBbGwgUmlnaHRzIFJlc2VydmVkLiIsImRhdGVfZm9ybWF0IjoiY3VzdG9tIiwiY3VzdG9tX2RhdGVfZm9ybWF0IjoiWSJ9fQ==@[\/et_pb_text][\/et_pb_column][\/et_pb_row][\/et_pb_section]<\/p>","protected":false},"excerpt":{"rendered":"<p>FROM PASSION TO COACHINGI\u2019m Anna, a certified Professional Health Fitness &amp; Personal Trainer with a passion for strength training, performance, and calisthenics.\u00a0 I didn\u2019t always have the knowledge I have today; I started out as a beginner, learning step by step. My own journey began in 2018, when I first discovered my love for lifting [&hellip;]<\/p>","protected":false},"author":1,"featured_media":0,"parent":0,"menu_order":0,"comment_status":"closed","ping_status":"closed","template":"","meta":{"_et_pb_use_builder":"on","_et_pb_old_content":"","_et_gb_content_width":"","footnotes":""},"class_list":["post-35","page","type-page","status-publish","hentry"],"_links":{"self":[{"href":"https:\/\/anna-athletic.com\/de\/wp-json\/wp\/v2\/pages\/35","targetHints":{"allow":["GET"]}}],"collection":[{"href":"https:\/\/anna-athletic.com\/de\/wp-json\/wp\/v2\/pages"}],"about":[{"href":"https:\/\/anna-athletic.com\/de\/wp-json\/wp\/v2\/types\/page"}],"author":[{"embeddable":true,"href":"https:\/\/anna-athletic.com\/de\/wp-json\/wp\/v2\/users\/1"}],"replies":[{"embeddable":true,"href":"https:\/\/anna-athletic.com\/de\/wp-json\/wp\/v2\/comments?post=35"}],"version-history":[{"count":17,"href":"https:\/\/anna-athletic.com\/de\/wp-json\/wp\/v2\/pages\/35\/revisions"}],"predecessor-version":[{"id":269,"href":"https:\/\/anna-athletic.com\/de\/wp-json\/wp\/v2\/pages\/35\/revisions\/269"}],"wp:attachment":[{"href":"https:\/\/anna-athletic.com\/de\/wp-json\/wp\/v2\/media?parent=35"}],"curies":[{"name":"wp","href":"https:\/\/api.w.org\/{rel}","templated":true}]}}