{"id":48,"date":"2025-08-09T12:49:13","date_gmt":"2025-08-09T10:49:13","guid":{"rendered":"https:\/\/anna-athletic.com\/?page_id=48"},"modified":"2025-12-11T08:23:30","modified_gmt":"2025-12-11T07:23:30","slug":"contact","status":"publish","type":"page","link":"https:\/\/anna-athletic.com\/de\/contact\/","title":{"rendered":"Kontakt"},"content":{"rendered":"<p>[et_pb_section fb_built=&#8221;1&#8243; admin_label=&#8221;FAQ&#8221; _builder_version=&#8221;4.27.4&#8243; _module_preset=&#8221;default&#8221; background_color=&#8221;#000000&#8243; min_height=&#8221;642px&#8221; collapsed=&#8221;on&#8221; global_colors_info=&#8221;{}&#8221;][et_pb_row _builder_version=&#8221;4.27.4&#8243; _module_preset=&#8221;default&#8221; background_color=&#8221;#000000&#8243; global_colors_info=&#8221;{}&#8221;][et_pb_column type=&#8221;4_4&#8243; _builder_version=&#8221;4.22.1&#8243; _module_preset=&#8221;default&#8221; global_colors_info=&#8221;{}&#8221;][et_pb_text _builder_version=&#8221;4.27.4&#8243; _module_preset=&#8221;920ed313-9f89-4195-ad78-fe27d2918f6f&#8221; global_colors_info=&#8221;{}&#8221;]<\/p>\n<h2><span style=\"color: rgba(178, 192, 255, 0.93);\">DEINE REISE - SCHRITT F\u00dcR SCHRITT<\/span><\/h2>\n<p>[\/et_pb_text][et_pb_accordion open_toggle_text_color=&#8221;#000000&#8243; open_toggle_background_color=&#8221;rgba(178,192,255,0.93)&#8221; closed_toggle_text_color=&#8221;#000000&#8243; closed_toggle_background_color=&#8221;rgba(178,192,255,0.93)&#8221; toggle_icon=&#8221;&#x37;||divi||400&#8243; _builder_version=&#8221;4.27.4&#8243; _module_preset=&#8221;eccedda8-cdd1-4f07-be99-88321ec4e8d5&#8243; toggle_text_color=&#8221;rgba(0,0,0,0.93)&#8221; body_text_color=&#8221;#000000&#8243; background_color=&#8221;#000000&#8243; locked=&#8221;off&#8221; border_width_all=&#8221;0px&#8221; global_colors_info=&#8221;{}&#8221;][et_pb_accordion_item title=&#8221;Get in touch &#8221; open=&#8221;off&#8221; _builder_version=&#8221;4.22.1&#8243; _module_preset=&#8221;default&#8221; global_colors_info=&#8221;{}&#8221;]<\/p>\n<h5 class=\"et_pb_toggle_title et-fb-editable-element et-fb-editable-element__editing\" data-shortcode-id=\"2.0.0.1.0-1755349006377\" data-quickaccess-id=\"toggle\" data-quickaccess-order=\"1\" contenteditable=\"true\"><\/h5>\n<p>Der erste Schritt ist vermutlich der Schwierigste, aber auch der Wichtigste. Er entscheidet, wer du sein willst und ver\u00e4ndert deine Zukunft. Kontaktiere mich direkt und ich melde mich bei dir. Kontaktinformationen findest du unten. Rufe mich direkt an oder scheibe mir eine Nachricht.\u00a0<\/p>\n<p>[\/et_pb_accordion_item][et_pb_accordion_item title=&#8221;Kickoff Conversation&#8221; _builder_version=&#8221;4.22.1&#8243; _module_preset=&#8221;default&#8221; global_colors_info=&#8221;{}&#8221; open=&#8221;off&#8221;]<\/p>\n<p>Deine Ziele, deine Geschichte. In einem kostenlosen Erstgespr\u00e4ch erz\u00e4hlst du mir von dir, deinen Hintergr\u00fcnden und deinen Zielen. Wir k\u00f6nnen uns pers\u00f6nlich treffen oder das Ganze entspannt per Telefon abhalten.<\/p>\n<p>F\u00fcr eine <strong>personal Training<\/strong>Stunde vereinbaren wir einen Termin und treffen uns dann direkt vor Ort um deine Reise zu starten.<\/p>\n<p>[\/et_pb_accordion_item][et_pb_accordion_item title=&#8221;Program Design&#8221; _builder_version=&#8221;4.22.1&#8243; _module_preset=&#8221;default&#8221; global_colors_info=&#8221;{}&#8221; open=&#8221;off&#8221;]<\/p>\n<p>Ich erstelle einen Plan, der auf deine Ziele, deinen Lebensstil und dein sportliches Niveau abgestimmt ist. Ein Plan, der wirklich zu dir passt. Egal, ob du gerade erst am Anfang bist oder schon nach H\u00f6chstleistungen strebst, wir finden deinen Weg.<\/p>\n<p>[\/et_pb_accordion_item][et_pb_accordion_item title=&#8221;Access to the App&#8221; _builder_version=&#8221;4.22.1&#8243; _module_preset=&#8221;default&#8221; global_colors_info=&#8221;{}&#8221; open=&#8221;off&#8221;]<\/p>\n<p>Du erh\u00e4lst Zugriff zu einer Trainings-App, in der ich deine Trainingseinheiten strukturiere und du im st\u00e4ndigen Kontakt mit mir bist. Du kannst in der App deine Einheiten dokumentieren und so Woche f\u00fcr Woche sehen, wie weit du gekommen bist.\u00a0<\/p>\n<p>[\/et_pb_accordion_item][et_pb_accordion_item title=&#8221;PUT THE PLAN INTO MOITON&#8221; _builder_version=&#8221;4.27.4&#8243; _module_preset=&#8221;default&#8221; global_colors_info=&#8221;{}&#8221; open=&#8221;on&#8221;]<\/p>\n<p>Beim <strong data-start=\"178\" data-end=\"206\">8-w\u00f6chigen Trainingsplan<\/strong>, folgst du selbstst\u00e4ndig deinem strukturierten Mesozyklus. Nach den 8 Wochen gibt es nochmal ein Gespr\u00e4ch mit mir, um deine Fortschritte zu analysieren und deinen n\u00e4chsten Mesozyklus anzupassen. Leistungssteigerung wird nur durch st\u00e4ndiges Anpassen und progressive Belastungssteigerung erzielt.<\/p>\n<p>Bei der <strong data-start=\"400\" data-end=\"416\">1:1 Betreuung<\/strong>profitierst du von w\u00f6chentlichen Fortschrittanalysen und dementsprechenden Plananpassungen. Auch wenn sich deine Ziele zwischendurch \u00e4ndern, passen wir deinen Plan ohne weitere Kosten an. Meine Unterst\u00fctzung und Expertise steht dir 24\/7 zu Verf\u00fcgung. Per Video-Technikanalyse, helfe ich dir auch dabei deine Bewegungsausf\u00fchrung und Form zu verbessern.\u00a0<\/p>\n<p>[\/et_pb_accordion_item][\/et_pb_accordion][\/et_pb_column][\/et_pb_row][\/et_pb_section][et_pb_section fb_built=&#8221;1&#8243; admin_label=&#8221;Header&#8221; _builder_version=&#8221;4.27.4&#8243; _module_preset=&#8221;default&#8221; background_color=&#8221;#000000&#8243; min_height=&#8221;768.3px&#8221; locked=&#8221;off&#8221; collapsed=&#8221;on&#8221; global_colors_info=&#8221;{}&#8221;][et_pb_row column_structure=&#8221;1_2,1_2&#8243; _builder_version=&#8221;4.23.2&#8243; _module_preset=&#8221;default&#8221; global_colors_info=&#8221;{}&#8221;][et_pb_column type=&#8221;1_2&#8243; _builder_version=&#8221;4.23.2&#8243; _module_preset=&#8221;default&#8221; custom_padding_tablet=&#8221;||0px||false|false&#8221; custom_padding_phone=&#8221;||0vw||false|false&#8221; custom_padding_last_edited=&#8221;off|desktop&#8221; global_colors_info=&#8221;{}&#8221;][et_pb_text _builder_version=&#8221;4.22.1&#8243; _module_preset=&#8221;c26b9742-7c9f-459c-b197-7261e835f1e3&#8243; global_colors_info=&#8221;{}&#8221;]<\/p>\n<h1><span style=\"color: rgba(178, 192, 255, 0.93);\">KONTAKT<\/span><\/h1>\n<p>[\/et_pb_text][et_pb_blurb title=&#8221;TEXT ME ON instagram&#8221; url=&#8221;https:\/\/www.instagram.com\/anna_athletic&#8221; url_new_window=&#8221;on&#8221; use_icon=&#8221;on&#8221; font_icon=&#8221;&#xe09a;||divi||400&#8243; image_icon_background_color=&#8221;gcid-0a41bebc-0107-48f7-8173-6190cad71074&#8243; image_icon_width=&#8221;16px&#8221; _builder_version=&#8221;4.27.4&#8243; _module_preset=&#8221;bbdc64ba-f69c-4e9b-b879-562ea8f1e64e&#8221; header_text_color=&#8221;#FFFFFF&#8221; body_text_color=&#8221;#ffffff&#8221; image_icon_custom_padding=&#8221;16px|16px|16px|16px|true|true&#8221; link_option_url=&#8221;https:\/\/www.instagram.com\/anna_athletic&#8221; link_option_url_new_window=&#8221;on&#8221; border_radii_image=&#8221;on|30px|30px|30px|30px&#8221; global_colors_info=&#8221;{%22gcid-0a41bebc-0107-48f7-8173-6190cad71074%22:%91%22image_icon_background_color%22%93}&#8221;]<\/p>\n<p>@anna_athletic<\/p>\n<p>[\/et_pb_blurb][et_pb_blurb title=&#8221;SEND ME AN EMAIL&#8221; use_icon=&#8221;on&#8221; font_icon=&#8221;&#xf0e0;||fa||900&#8243; image_icon_background_color=&#8221;gcid-0a41bebc-0107-48f7-8173-6190cad71074&#8243; image_icon_width=&#8221;16px&#8221; _builder_version=&#8221;4.27.4&#8243; _module_preset=&#8221;bbdc64ba-f69c-4e9b-b879-562ea8f1e64e&#8221; header_text_color=&#8221;#FFFFFF&#8221; body_text_color=&#8221;#FFFFFF&#8221; image_icon_custom_padding=&#8221;16px|16px|16px|16px|true|true&#8221; border_radii_image=&#8221;on|30px|30px|30px|30px&#8221; global_colors_info=&#8221;{%22gcid-0a41bebc-0107-48f7-8173-6190cad71074%22:%91%22image_icon_background_color%22%93}&#8221;]<\/p>\n<p>contact@anna-athletic.com<\/p>\n<p>[\/et_pb_blurb][et_pb_blurb title=&#8221;CALL ME DIRECTLY&#8221; use_icon=&#8221;on&#8221; font_icon=&#8221;&#xe090;||divi||400&#8243; image_icon_background_color=&#8221;gcid-0a41bebc-0107-48f7-8173-6190cad71074&#8243; image_icon_width=&#8221;16px&#8221; _builder_version=&#8221;4.27.4&#8243; _module_preset=&#8221;bbdc64ba-f69c-4e9b-b879-562ea8f1e64e&#8221; header_text_color=&#8221;#FFFFFF&#8221; body_text_color=&#8221;#FFFFFF&#8221; image_icon_custom_padding=&#8221;16px|16px|16px|16px|true|true&#8221; border_radii_image=&#8221;on|30px|30px|30px|30px&#8221; global_colors_info=&#8221;{%22gcid-0a41bebc-0107-48f7-8173-6190cad71074%22:%91%22image_icon_background_color%22%93}&#8221;]<\/p>\n<p>+43 676 6066 470<\/p>\n<p>[\/et_pb_blurb][\/et_pb_column][et_pb_column type=&#8221;1_2&#8243; _builder_version=&#8221;4.22.1&#8243; _module_preset=&#8221;default&#8221; global_colors_info=&#8221;{}&#8221;][et_pb_image src=&#8221;https:\/\/anna-athletic.com\/wp-content\/uploads\/2025\/08\/Foto-06.07.25-00-11-04-scaled.jpg&#8221; title_text=&#8221;Foto 06.07.25, 00 11 04&#8243; _builder_version=&#8221;4.27.4&#8243; _module_preset=&#8221;default&#8221; custom_margin=&#8221;|-10vw|||false|false&#8221; custom_margin_tablet=&#8221;|0vw|||false|false&#8221; custom_margin_phone=&#8221;|0vw|||false|false&#8221; custom_margin_last_edited=&#8221;on|tablet&#8221; global_colors_info=&#8221;{}&#8221;][\/et_pb_image][\/et_pb_column][\/et_pb_row][\/et_pb_section][et_pb_section fb_built=&#8221;1&#8243; admin_label=&#8221;Footer&#8221; _builder_version=&#8221;4.27.4&#8243; _module_preset=&#8221;default&#8221; background_color=&#8221;#000000&#8243; custom_padding=&#8221;||0px|||&#8221; saved_tabs=&#8221;all&#8221; collapsed=&#8221;on&#8221; global_colors_info=&#8221;{}&#8221;][et_pb_row column_structure=&#8221;1_4,1_4,1_4,1_4&#8243; _builder_version=&#8221;4.23.2&#8243; _module_preset=&#8221;default&#8221; global_colors_info=&#8221;{}&#8221;][et_pb_column type=&#8221;1_4&#8243; _builder_version=&#8221;4.22.1&#8243; _module_preset=&#8221;default&#8221; global_colors_info=&#8221;{}&#8221;][et_pb_text _builder_version=&#8221;4.27.4&#8243; _module_preset=&#8221;f60f8e1a-b63c-479c-9a1c-62cb70a9f1bb&#8221; custom_margin=&#8221;||10px||false|false&#8221; global_colors_info=&#8221;{}&#8221;]<\/p>\n<h6><span style=\"color: rgba(178, 192, 255, 0.93);\">ANNA ATHLETIC<\/span><\/h6>\n<p>[\/et_pb_text][et_pb_text _builder_version=&#8221;4.27.4&#8243; _module_preset=&#8221;80b0d5cf-8fb5-4725-8a64-3cef553e5e1b&#8221; link_text_color=&#8221;gcid-995ea536-d942-449e-b40e-0d7d5e4aa608&#8243; custom_margin=&#8221;||10px||false|false&#8221; link_option_url=&#8221;https:\/\/anna-athletic.com&#8221; global_colors_info=&#8221;{%22gcid-995ea536-d942-449e-b40e-0d7d5e4aa608%22:%91%22link_text_color%22%93}&#8221;]<\/p>\n<p>Home<\/p>\n<p>[\/et_pb_text][et_pb_text _builder_version=&#8221;4.27.4&#8243; _module_preset=&#8221;80b0d5cf-8fb5-4725-8a64-3cef553e5e1b&#8221; link_text_color=&#8221;gcid-995ea536-d942-449e-b40e-0d7d5e4aa608&#8243; custom_margin=&#8221;||10px||false|false&#8221; link_option_url=&#8221;https:\/\/anna-athletic.com\/about-me\/&#8221; global_colors_info=&#8221;{%22gcid-995ea536-d942-449e-b40e-0d7d5e4aa608%22:%91%22link_text_color%22%93}&#8221;]<\/p>\n<p>\u00dcber mich<\/p>\n<p>[\/et_pb_text][et_pb_text _builder_version=&#8221;4.27.4&#8243; _module_preset=&#8221;80b0d5cf-8fb5-4725-8a64-3cef553e5e1b&#8221; link_text_color=&#8221;gcid-995ea536-d942-449e-b40e-0d7d5e4aa608&#8243; custom_margin=&#8221;||10px||false|false&#8221; link_option_url=&#8221;https:\/\/anna-athletic.com\/pricing&#8221; global_colors_info=&#8221;{%22gcid-995ea536-d942-449e-b40e-0d7d5e4aa608%22:%91%22link_text_color%22%93}&#8221;]<\/p>\n<p>Programme und Preise<\/p>\n<p>[\/et_pb_text][et_pb_text _builder_version=&#8221;4.27.4&#8243; _module_preset=&#8221;80b0d5cf-8fb5-4725-8a64-3cef553e5e1b&#8221; link_text_color=&#8221;gcid-995ea536-d942-449e-b40e-0d7d5e4aa608&#8243; custom_margin=&#8221;||10px||false|false&#8221; link_option_url=&#8221;https:\/\/anna-athletic.com\/contact\/&#8221; global_colors_info=&#8221;{%22gcid-995ea536-d942-449e-b40e-0d7d5e4aa608%22:%91%22link_text_color%22%93}&#8221;]<\/p>\n<p>Kontakt<\/p>\n<p>[\/et_pb_text][et_pb_text _builder_version=&#8221;4.27.4&#8243; _module_preset=&#8221;80b0d5cf-8fb5-4725-8a64-3cef553e5e1b&#8221; link_text_color=&#8221;gcid-995ea536-d942-449e-b40e-0d7d5e4aa608&#8243; custom_margin=&#8221;||10px||false|false&#8221; link_option_url=&#8221;https:\/\/anna-athletic.com\/privacy-policy\/&#8221; global_colors_info=&#8221;{%22gcid-995ea536-d942-449e-b40e-0d7d5e4aa608%22:%91%22link_text_color%22%93}&#8221;]<\/p>\n<p>Datenschutzerkl\u00e4rung<\/p>\n<p>[\/et_pb_text][et_pb_text _builder_version=&#8221;4.27.4&#8243; _module_preset=&#8221;80b0d5cf-8fb5-4725-8a64-3cef553e5e1b&#8221; link_text_color=&#8221;gcid-995ea536-d942-449e-b40e-0d7d5e4aa608&#8243; custom_margin=&#8221;||10px||false|false&#8221; link_option_url=&#8221;https:\/\/anna-athletic.com\/imprint&#8221; global_colors_info=&#8221;{%22gcid-995ea536-d942-449e-b40e-0d7d5e4aa608%22:%91%22link_text_color%22%93}&#8221;]<\/p>\n<p>Impressum<\/p>\n<p>[\/et_pb_text][et_pb_social_media_follow icon_color=&#8221;gcid-fb7185f0-febc-426c-87a9-b6e9798849ab&#8221; _builder_version=&#8221;4.27.4&#8243; _module_preset=&#8221;default&#8221; global_colors_info=&#8221;{%22gcid-fb7185f0-febc-426c-87a9-b6e9798849ab%22:%91%22icon_color%22%93}&#8221;][et_pb_social_media_follow_network social_network=&#8221;instagram&#8221; url=&#8221;https:\/\/www.instagram.com\/anna_athletic&#8221; _builder_version=&#8221;4.27.4&#8243; _module_preset=&#8221;default&#8221; global_colors_info=&#8221;{}&#8221; follow_button=&#8221;off&#8221; url_new_window=&#8221;on&#8221;]instagram[\/et_pb_social_media_follow_network][\/et_pb_social_media_follow][\/et_pb_column][et_pb_column type=&#8221;1_4&#8243; _builder_version=&#8221;4.22.1&#8243; _module_preset=&#8221;default&#8221; global_colors_info=&#8221;{}&#8221;][\/et_pb_column][et_pb_column type=&#8221;1_4&#8243; _builder_version=&#8221;4.22.1&#8243; _module_preset=&#8221;default&#8221; global_colors_info=&#8221;{}&#8221;][\/et_pb_column][et_pb_column type=&#8221;1_4&#8243; _builder_version=&#8221;4.22.1&#8243; _module_preset=&#8221;default&#8221; global_colors_info=&#8221;{}&#8221;][\/et_pb_column][\/et_pb_row][et_pb_row _builder_version=&#8221;4.22.1&#8243; _module_preset=&#8221;default&#8221; border_color_all=&#8221;rgba(0,0,0,0.08)&#8221; border_width_top=&#8221;1px&#8221; global_colors_info=&#8221;{}&#8221;][et_pb_column type=&#8221;4_4&#8243; _builder_version=&#8221;4.22.1&#8243; _module_preset=&#8221;default&#8221; global_colors_info=&#8221;{}&#8221;][et_pb_text _builder_version=&#8221;4.22.1&#8243; _dynamic_attributes=&#8221;content&#8221; _module_preset=&#8221;80b0d5cf-8fb5-4725-8a64-3cef553e5e1b&#8221; text_orientation=&#8221;center&#8221; global_colors_info=&#8221;{}&#8221;]@ET-DC@eyJkeW5hbWljIjp0cnVlLCJjb250ZW50IjoiY3VycmVudF9kYXRlIiwic2V0dGluZ3MiOnsiYmVmb3JlIjoiQ29weXJpZ2h0ICZjb3B5OyAiLCJhZnRlciI6IiBEaXZpLiBBbGwgUmlnaHRzIFJlc2VydmVkLiIsImRhdGVfZm9ybWF0IjoiY3VzdG9tIiwiY3VzdG9tX2RhdGVfZm9ybWF0IjoiWSJ9fQ==@[\/et_pb_text][\/et_pb_column][\/et_pb_row][\/et_pb_section]<\/p>","protected":false},"excerpt":{"rendered":"<p>your journey explained This first step is about you deciding to put your goals into action. Reach out easily through the contact informations below (give me a call or send me a message). I\u2019ll get back to you personally.\u00a0Your goals, your story \u2014 let\u2019s define your path. Together we\u2019ll have a kickoff conversation \u2014 via [&hellip;]<\/p>","protected":false},"author":1,"featured_media":0,"parent":0,"menu_order":0,"comment_status":"closed","ping_status":"closed","template":"","meta":{"_et_pb_use_builder":"on","_et_pb_old_content":"","_et_gb_content_width":"","footnotes":""},"class_list":["post-48","page","type-page","status-publish","hentry"],"_links":{"self":[{"href":"https:\/\/anna-athletic.com\/de\/wp-json\/wp\/v2\/pages\/48","targetHints":{"allow":["GET"]}}],"collection":[{"href":"https:\/\/anna-athletic.com\/de\/wp-json\/wp\/v2\/pages"}],"about":[{"href":"https:\/\/anna-athletic.com\/de\/wp-json\/wp\/v2\/types\/page"}],"author":[{"embeddable":true,"href":"https:\/\/anna-athletic.com\/de\/wp-json\/wp\/v2\/users\/1"}],"replies":[{"embeddable":true,"href":"https:\/\/anna-athletic.com\/de\/wp-json\/wp\/v2\/comments?post=48"}],"version-history":[{"count":16,"href":"https:\/\/anna-athletic.com\/de\/wp-json\/wp\/v2\/pages\/48\/revisions"}],"predecessor-version":[{"id":283,"href":"https:\/\/anna-athletic.com\/de\/wp-json\/wp\/v2\/pages\/48\/revisions\/283"}],"wp:attachment":[{"href":"https:\/\/anna-athletic.com\/de\/wp-json\/wp\/v2\/media?parent=48"}],"curies":[{"name":"wp","href":"https:\/\/api.w.org\/{rel}","templated":true}]}}